{"id":14002,"date":"2022-10-10T18:57:42","date_gmt":"2022-10-10T18:57:42","guid":{"rendered":"https:\/\/sanbds.thanhagency.com\/?page_id=14002"},"modified":"2022-10-21T18:25:27","modified_gmt":"2022-10-21T18:25:27","slug":"about-us","status":"publish","type":"page","link":"https:\/\/sanbds.thanhagency.com\/en\/about-us\/","title":{"rendered":"Gi\u1edbi Thi\u1ec7u"},"content":{"rendered":"<div data-elementor-type=\"wp-page\" data-elementor-id=\"14002\" class=\"elementor elementor-14002\">\n\t\t\t\t\t\t\t\t\t<section class=\"elementor-section elementor-top-section elementor-element elementor-element-367450e elementor-section-full_width elementor-section-height-default elementor-section-height-default\" data-id=\"367450e\" data-element_type=\"section\">\n\t\t\t\t\t\t<div class=\"elementor-container elementor-column-gap-no\">\n\t\t\t\t\t<div class=\"elementor-column elementor-col-100 elementor-top-column elementor-element elementor-element-dfc8e81\" data-id=\"dfc8e81\" data-element_type=\"column\" data-settings=\"{&quot;background_background&quot;:&quot;classic&quot;}\">\n\t\t\t<div class=\"elementor-widget-wrap elementor-element-populated\">\n\t\t\t\t\t\t\t\t<section class=\"elementor-section elementor-inner-section elementor-element elementor-element-65114e2 elementor-section-boxed elementor-section-height-default elementor-section-height-default\" data-id=\"65114e2\" data-element_type=\"section\">\n\t\t\t\t\t\t<div class=\"elementor-container elementor-column-gap-default\">\n\t\t\t\t\t<div class=\"elementor-column elementor-col-50 elementor-inner-column elementor-element elementor-element-6687a0b\" data-id=\"6687a0b\" data-element_type=\"column\">\n\t\t\t<div class=\"elementor-widget-wrap\">\n\t\t\t\t\t\t\t\t\t<\/div>\n\t\t<\/div>\n\t\t\t\t<div class=\"elementor-column elementor-col-50 elementor-inner-column elementor-element elementor-element-c7c3486\" data-id=\"c7c3486\" data-element_type=\"column\">\n\t\t\t<div class=\"elementor-widget-wrap elementor-element-populated\">\n\t\t\t\t\t\t\t\t<div class=\"elementor-element elementor-element-8098fb8 elementor-widget elementor-widget-image\" data-id=\"8098fb8\" data-element_type=\"widget\" data-widget_type=\"image.default\">\n\t\t\t\t<div class=\"elementor-widget-container\">\n\t\t\t<style>\/*! elementor - v3.7.2 - 21-08-2022 *\/\n.elementor-widget-image{text-align:center}.elementor-widget-image a{display:inline-block}.elementor-widget-image a img[src$=\".svg\"]{width:48px}.elementor-widget-image img{vertical-align:middle;display:inline-block}<\/style>\t\t\t\t\t\t\t\t\t\t\t\t<img loading=\"lazy\" decoding=\"async\" width=\"828\" height=\"304\" src=\"https:\/\/sanbds.thanhagency.com\/wp-content\/uploads\/2022\/10\/logo-better-homes-white-ngang-1024x376.png\" class=\"attachment-large size-large\" alt=\"\" srcset=\"https:\/\/sanbds.thanhagency.com\/wp-content\/uploads\/2022\/10\/logo-better-homes-white-ngang-1024x376.png 1024w, https:\/\/sanbds.thanhagency.com\/wp-content\/uploads\/2022\/10\/logo-better-homes-white-ngang-600x220.png 600w, https:\/\/sanbds.thanhagency.com\/wp-content\/uploads\/2022\/10\/logo-better-homes-white-ngang-300x110.png 300w, https:\/\/sanbds.thanhagency.com\/wp-content\/uploads\/2022\/10\/logo-better-homes-white-ngang-768x282.png 768w, https:\/\/sanbds.thanhagency.com\/wp-content\/uploads\/2022\/10\/logo-better-homes-white-ngang-1536x564.png 1536w, https:\/\/sanbds.thanhagency.com\/wp-content\/uploads\/2022\/10\/logo-better-homes-white-ngang-150x55.png 150w, https:\/\/sanbds.thanhagency.com\/wp-content\/uploads\/2022\/10\/logo-better-homes-white-ngang.png 1954w\" sizes=\"(max-width: 828px) 100vw, 828px\" \/>\t\t\t\t\t\t\t\t\t\t\t\t\t\t\t<\/div>\n\t\t\t\t<\/div>\n\t\t\t\t\t<\/div>\n\t\t<\/div>\n\t\t\t\t\t\t\t<\/div>\n\t\t<\/section>\n\t\t\t\t\t<\/div>\n\t\t<\/div>\n\t\t\t\t\t\t\t<\/div>\n\t\t<\/section>\n\t\t\t\t<section class=\"elementor-section elementor-top-section elementor-element elementor-element-818733c elementor-section-boxed elementor-section-height-default elementor-section-height-default\" data-id=\"818733c\" data-element_type=\"section\">\n\t\t\t\t\t\t<div class=\"elementor-container elementor-column-gap-default\">\n\t\t\t\t\t<div class=\"elementor-column elementor-col-100 elementor-top-column elementor-element elementor-element-02f1657\" data-id=\"02f1657\" data-element_type=\"column\">\n\t\t\t<div class=\"elementor-widget-wrap elementor-element-populated\">\n\t\t\t\t\t\t\t\t<section class=\"elementor-section elementor-inner-section elementor-element elementor-element-5a9515f elementor-section-boxed elementor-section-height-default elementor-section-height-default\" data-id=\"5a9515f\" data-element_type=\"section\">\n\t\t\t\t\t\t<div class=\"elementor-container elementor-column-gap-default\">\n\t\t\t\t\t<div class=\"elementor-column elementor-col-50 elementor-inner-column elementor-element elementor-element-4d4d2b9\" data-id=\"4d4d2b9\" data-element_type=\"column\">\n\t\t\t<div class=\"elementor-widget-wrap elementor-element-populated\">\n\t\t\t\t\t\t\t\t<div class=\"elementor-element elementor-element-e8b9638 elementor-widget elementor-widget-heading\" data-id=\"e8b9638\" data-element_type=\"widget\" data-widget_type=\"heading.default\">\n\t\t\t\t<div class=\"elementor-widget-container\">\n\t\t\t<style>\/*! elementor - v3.7.2 - 21-08-2022 *\/\n.elementor-heading-title{padding:0;margin:0;line-height:1}.elementor-widget-heading .elementor-heading-title[class*=elementor-size-]>a{color:inherit;font-size:inherit;line-height:inherit}.elementor-widget-heading .elementor-heading-title.elementor-size-small{font-size:15px}.elementor-widget-heading .elementor-heading-title.elementor-size-medium{font-size:19px}.elementor-widget-heading .elementor-heading-title.elementor-size-large{font-size:29px}.elementor-widget-heading .elementor-heading-title.elementor-size-xl{font-size:39px}.elementor-widget-heading .elementor-heading-title.elementor-size-xxl{font-size:59px}<\/style><h2 class=\"elementor-heading-title elementor-size-default\">GI\u1edaI THI\u1ec6U<\/h2>\t\t<\/div>\n\t\t\t\t<\/div>\n\t\t\t\t<div class=\"elementor-element elementor-element-1ba83a5 elementor-widget elementor-widget-text-editor\" data-id=\"1ba83a5\" data-element_type=\"widget\" data-widget_type=\"text-editor.default\">\n\t\t\t\t<div class=\"elementor-widget-container\">\n\t\t\t<style>\/*! elementor - v3.7.2 - 21-08-2022 *\/\n.elementor-widget-text-editor.elementor-drop-cap-view-stacked .elementor-drop-cap{background-color:#818a91;color:#fff}.elementor-widget-text-editor.elementor-drop-cap-view-framed .elementor-drop-cap{color:#818a91;border:3px solid;background-color:transparent}.elementor-widget-text-editor:not(.elementor-drop-cap-view-default) .elementor-drop-cap{margin-top:8px}.elementor-widget-text-editor:not(.elementor-drop-cap-view-default) .elementor-drop-cap-letter{width:1em;height:1em}.elementor-widget-text-editor .elementor-drop-cap{float:left;text-align:center;line-height:1;font-size:50px}.elementor-widget-text-editor .elementor-drop-cap-letter{display:inline-block}<\/style>\t\t\t\t<div data-id=\"77dad28\" data-element_type=\"widget\" data-widget_type=\"text-editor.default\">\n<div>\n<p><strong>Better Homes kh\u1eb3ng \u0111\u1ecbnh th\u01b0\u01a1ng hi\u1ec7u l\u00e0 s\u00e0n ph\u00e2n ph\u1ed1i b\u1ea5t \u0111\u1ed9ng s\u1ea3n cao c\u1ea5p, t\u01b0 v\u1ea5n \u0111\u1ea7u t\u01b0 cho kh\u00e1ch h\u00e0ng c\u00e1c s\u1ea3n ph\u1ea9m b\u1ea5t \u0111\u1ed9ng s\u1ea3n t\u1eeb c\u00e1c ch\u1ee7 \u0111\u1ea7u t\u01b0 l\u1edbn nh\u01b0 Novaland, Vinhomes, Masterise, v.v&#8230;<\/strong><\/p>\n<p><\/p>\n<\/div>\n<\/div>\n<div data-id=\"18a2226\" data-element_type=\"widget\" data-widget_type=\"text-editor.default\">\n<div>\n<div dir=\"auto\">V\u1edbi kim ch\u1ec9 nam uy t\u00edn, trung th\u1ef1c, tin c\u1eady \u0111\u1ed9i ng\u0169 t\u01b0 v\u1ea5n d\u1ef1 \u00e1n c\u1ee7a Better Homes lu\u00f4n l\u00e0 ng\u01b0\u1eddi b\u1ea1n \u0111\u1ed3ng h\u00e0nh tin c\u1eady c\u1ee7a kh\u00e1ch h\u00e0ng trong nhi\u1ec1u th\u01b0\u01a1ng v\u1ee5 \u0111\u1ea7u t\u01b0 t\u1eeb nh\u00e0 ph\u1ed1, c\u0103n h\u1ed9, bi\u1ec7t th\u1ef1 v\u00e0 \u0111\u1ea5t n\u1ec1n tr\u00ean c\u1ea3 n\u01b0\u1edbc. Nh\u1edd s\u1ef1 tin t\u01b0\u1edfng v\u00e0 \u1ee7ng h\u1ed9 c\u1ee7a kh\u00e1ch h\u00e0ng Better Homes t\u1eeb s\u00e0n m\u00f4i gi\u1edbi B\u0110S \u0111\u00e3 tr\u1edf th\u00e0nh ch\u1ee7 \u0111\u1ea7u t\u01b0 m\u1ed9t s\u1ed1 d\u1ef1 \u00e1n B\u0110S nh\u00e0 ph\u1ed1, bi\u1ec7t th\u1ef1 ngh\u0129 d\u01b0\u1ee1ng v\u00e0 \u0111\u1ea5t n\u1ec1n t\u1ea1i c\u00e1c \u0111\u1ecba ph\u01b0\u01a1ng nh\u01b0 B\u1ea3o L\u1ed9c v\u00e0 Long Th\u00e0nh.<\/div>\n<div dir=\"auto\">&nbsp;<\/div>\n<div dir=\"auto\">V\u01b0\u01a1n t\u1ea7m th\u1ebf gi\u1edbi ng\u00e0y nay Better Homes c\u00f2n l\u00e0 trong s\u1ed1 \u00edt s\u00e0n B\u0110S cung c\u1ea5p l\u1ef1a ch\u1ecdn \u0111\u1ea7u t\u01b0 B\u1ea5t \u0110\u1ed9ng S\u1ea3n qu\u1ed1c t\u1ebf cho kh\u00e1ch h\u00e0ng t\u1ea1i c\u00e1c qu\u1ed1c gia ph\u00e1t tri\u1ec3n nh\u01b0 M\u1ef9, \u00dac, Ch\u00e2u \u00c2u.<\/div>\n<div dir=\"auto\">&nbsp;<\/div>\n<\/div>\n<div>\n<div dir=\"auto\">T\u1ecda l\u1ea1c t\u1ea1i v\u1ecb tr\u00ed \u0111\u1eafc \u0111\u1ecba qu\u1ef9 \u0111\u1ea5t \u201cv\u00e0ng\u201d t\u1ea1i Qu\u1eadn 1, S\u00e0i G\u00f2n, s\u1edf h\u1eefu \u0111\u1ed9i ng\u0169 chuy\u00ean vi\u00ean t\u01b0 v\u1ea5n chuy\u00ean nghi\u1ec7p v\u00e0 b\u1ea3n l\u0129nh, tin ch\u1eafc Better Homes s\u1ebd l\u00e0 c\u1ea7u n\u1ed1i h\u1eefu \u00edch gi\u00fap \u0111\u00f4ng \u0111\u1ea3o kh\u00e1ch h\u00e0ng \u2013 nh\u00e0 \u0111\u1ea7u t\u01b0 d\u1ec5 d\u00e0ng ti\u1ebfp c\u1eadn v\u00e0 s\u1edf h\u1eefu \u0111\u01b0\u1ee3c nh\u1eefng s\u1ea3n ph\u1ea9m ch\u1ea5t l\u01b0\u1ee3ng nh\u1ea5t.<\/div>\n<div dir=\"auto\">&nbsp;<\/div>\n<div dir=\"auto\"><strong>V\u0103n ph\u00f2ng Better Homes: <\/strong>S\u1ed1 01 Tr\u1ea7n Kh\u00e1nh D\u01b0, P. T\u00e2n \u0110\u1ecbnh, Qu\u1eadn 1, Th\u00e0nh ph\u1ed1 H\u1ed3 Ch\u00ed Minh, Vi\u1ec7t Nam<\/div>\n<div dir=\"auto\"><strong>\u0110i\u1ec7n tho\u1ea1i li\u00ean h\u1ec7:&nbsp; <\/strong>0908.113.111<\/div>\n<div dir=\"auto\">&nbsp;<\/div>\n<div dir=\"auto\">&nbsp;<\/div>\n<\/div>\n<\/div>\t\t\t\t\t\t<\/div>\n\t\t\t\t<\/div>\n\t\t\t\t\t<\/div>\n\t\t<\/div>\n\t\t\t\t<div class=\"elementor-column elementor-col-50 elementor-inner-column elementor-element elementor-element-2304d26\" data-id=\"2304d26\" data-element_type=\"column\">\n\t\t\t<div class=\"elementor-widget-wrap elementor-element-populated\">\n\t\t\t\t\t\t\t\t<div class=\"elementor-element elementor-element-93a8ebb elementor-widget elementor-widget-image\" data-id=\"93a8ebb\" data-element_type=\"widget\" data-widget_type=\"image.default\">\n\t\t\t\t<div class=\"elementor-widget-container\">\n\t\t\t\t\t\t\t\t\t\t\t\t\t\t\t<img loading=\"lazy\" decoding=\"async\" width=\"684\" height=\"1024\" src=\"https:\/\/sanbds.thanhagency.com\/wp-content\/uploads\/2022\/08\/nana-ngoc-anh-684x1024.jpg\" class=\"attachment-large size-large\" alt=\"\" srcset=\"https:\/\/sanbds.thanhagency.com\/wp-content\/uploads\/2022\/08\/nana-ngoc-anh-684x1024.jpg 684w, https:\/\/sanbds.thanhagency.com\/wp-content\/uploads\/2022\/08\/nana-ngoc-anh-600x899.jpg 600w, https:\/\/sanbds.thanhagency.com\/wp-content\/uploads\/2022\/08\/nana-ngoc-anh-200x300.jpg 200w, https:\/\/sanbds.thanhagency.com\/wp-content\/uploads\/2022\/08\/nana-ngoc-anh-768x1150.jpg 768w, https:\/\/sanbds.thanhagency.com\/wp-content\/uploads\/2022\/08\/nana-ngoc-anh-1026x1536.jpg 1026w, https:\/\/sanbds.thanhagency.com\/wp-content\/uploads\/2022\/08\/nana-ngoc-anh-100x150.jpg 100w, https:\/\/sanbds.thanhagency.com\/wp-content\/uploads\/2022\/08\/nana-ngoc-anh.jpg 1284w\" sizes=\"(max-width: 684px) 100vw, 684px\" \/>\t\t\t\t\t\t\t\t\t\t\t\t\t\t\t<\/div>\n\t\t\t\t<\/div>\n\t\t\t\t\t<\/div>\n\t\t<\/div>\n\t\t\t\t\t\t\t<\/div>\n\t\t<\/section>\n\t\t\t\t\t<\/div>\n\t\t<\/div>\n\t\t\t\t\t\t\t<\/div>\n\t\t<\/section>\n\t\t\t\t\t\t\t<\/div>","protected":false},"excerpt":{"rendered":"<p>GI\u1edaI THI\u1ec6U Better Homes kh\u1eb3ng \u0111\u1ecbnh th\u01b0\u01a1ng hi\u1ec7u l\u00e0 s\u00e0n ph\u00e2n ph\u1ed1i b\u1ea5t \u0111\u1ed9ng s\u1ea3n cao c\u1ea5p, t\u01b0 v\u1ea5n \u0111\u1ea7u t\u01b0 cho kh\u00e1ch h\u00e0ng c\u00e1c s\u1ea3n ph\u1ea9m b\u1ea5t \u0111\u1ed9ng s\u1ea3n t\u1eeb c\u00e1c ch\u1ee7 \u0111\u1ea7u t\u01b0 l\u1edbn nh\u01b0 Novaland, Vinhomes, Masterise, v.v&#8230; V\u1edbi kim ch\u1ec9 nam uy t\u00edn, trung th\u1ef1c, tin c\u1eady \u0111\u1ed9i ng\u0169 t\u01b0 v\u1ea5n&#8230;<\/p>","protected":false},"author":1,"featured_media":0,"parent":0,"menu_order":0,"comment_status":"closed","ping_status":"closed","template":"elementor_header_footer","meta":{"footnotes":""},"_links":{"self":[{"href":"https:\/\/sanbds.thanhagency.com\/en\/wp-json\/wp\/v2\/pages\/14002"}],"collection":[{"href":"https:\/\/sanbds.thanhagency.com\/en\/wp-json\/wp\/v2\/pages"}],"about":[{"href":"https:\/\/sanbds.thanhagency.com\/en\/wp-json\/wp\/v2\/types\/page"}],"author":[{"embeddable":true,"href":"https:\/\/sanbds.thanhagency.com\/en\/wp-json\/wp\/v2\/users\/1"}],"replies":[{"embeddable":true,"href":"https:\/\/sanbds.thanhagency.com\/en\/wp-json\/wp\/v2\/comments?post=14002"}],"version-history":[{"count":32,"href":"https:\/\/sanbds.thanhagency.com\/en\/wp-json\/wp\/v2\/pages\/14002\/revisions"}],"predecessor-version":[{"id":14257,"href":"https:\/\/sanbds.thanhagency.com\/en\/wp-json\/wp\/v2\/pages\/14002\/revisions\/14257"}],"wp:attachment":[{"href":"https:\/\/sanbds.thanhagency.com\/en\/wp-json\/wp\/v2\/media?parent=14002"}],"curies":[{"name":"wp","href":"https:\/\/api.w.org\/{rel}","templated":true}]}}